{"id":14,"date":"2012-04-22T07:33:16","date_gmt":"2012-04-22T05:33:16","guid":{"rendered":"https:\/\/gi4dm.net\/2012\/?page_id=14"},"modified":"2013-01-07T18:30:57","modified_gmt":"2013-01-07T16:30:57","slug":"programme","status":"publish","type":"page","link":"https:\/\/gi4dm.net\/2012\/programme\/","title":{"rendered":"Programme"},"content":{"rendered":"<p>You can download a PDF version of Conference Program from <a href=\"https:\/\/gi4dm.net\/2012\/files\/2012\/12\/Gi4DM-Conference_Program.pdf\" target=\"_blank\">here<\/a>, or scroll down and read it from the website:<\/p>\n<p><strong>Keynote speakers:<\/strong><\/p>\n<table>\n<tbody>\n<tr>\n<td style=\"width: 5px;\"><a href=\"http:\/\/www.edparsons.com\/about-me\/\" target=\"_blank\"><img decoding=\"async\" style=\"vertical-align: top;\" src=\"http:\/\/blakeparsons.com\/edparsons\/wp-content\/uploads\/2006\/05\/edparsons-203x300.jpg\" alt=\"\" width=\"105\" height=\"156\" \/><\/a><\/td>\n<td><strong>Ed Parsons:\u00a0<\/strong> Geospatial Technologist of Google, with responsibility for evangelising Google\u2019s mission to organise the world\u2019s information using geography, and tools including <a href=\"http:\/\/earth.google.com\" target=\"_blank\">Google Earth<\/a>, <a href=\"http:\/\/maps.google.com\" target=\"_blank\">Google Maps<\/a> and <a href=\"http:\/\/www.google.com\/gmm\" target=\"_blank\">Google Maps for Mobile<\/a>. In his role he also\u00a0maintains\u00a0links with Universities, Research and Standards Organisations which are involved in the development of Geospatial Technology<\/td>\n<\/tr>\n<\/tbody>\n<\/table>\n<p><strong> Google Crisis Response: getting people through the storm&#8230;<\/strong><br \/>\nDuring the last week of October, superstorm Sandy wreaked havoc across the Caribbean and the East Coast of the United States, causing extensive flooding, damage and power outages. Google responded by providing critical preparedness information in the form of a crisis map &#8211; this is the story of that map!<\/p>\n<table>\n<tbody>\n<tr>\n<td style=\"width: 5px;\"><img decoding=\"async\" style=\"vertical-align: top;\" src=\"https:\/\/encrypted-tbn3.gstatic.com\/images?q=tbn:ANd9GcRHFl8LeNTHj8qXbVcK6QVlXR6EoxoFb1cOOO_IokbxS56AgLb8Vg\" alt=\"\" width=\"105\" height=\"156\" \/><\/td>\n<td><strong>Mark Neerincx<\/strong>: Extensive experience in fundamental and applied research on human-computer interaction for defense, security and health. Important achievements: cognitive task load model for task allocation and adaptive interfaces, models of human-machine partnership for attuning assistance to the individual user and momentary usage context, cognitive engineering methods and tools, and a diverse set of usability \u201cbest practices\u201d.<\/td>\n<\/tr>\n<\/tbody>\n<\/table>\n<p><a href=\"http:\/\/www.gdmc.nl\/gi4dmdocs\/Gi4DM_2012_Neerincx.pdf\" target=\"_blank\"><strong>Collaborative Technology for Disaster Management<\/strong><\/a><br \/>\n<strong>\u00a0<\/strong>The the current means insufficiently help to share information and insights on (1) the states of the resources and environment, (2) the intentions and conditions of the persons in the disaster area, and (3) the work plan and progress. This keynote will give an overview of a situation cognitive engineering methodology aiming at the incremental development and validation of a requirements baseline for collaborative technology (with its design rationale) and its instantiation in several prototypes.<\/p>\n<p><strong>Invited talk:<\/strong><\/p>\n<table>\n<tbody>\n<tr>\n<td style=\"width: 5px;\"><a href=\"https:\/\/gi4dm.net\/2012\/files\/2012\/04\/Jaap-Smit_2012-11-20.jpg\"><img decoding=\"async\" style=\"vertical-align: top;\" src=\"https:\/\/gi4dm.net\/2012\/files\/2012\/04\/Jaap-Smit_2012-11-20-219x300.jpg\" alt=\"\" width=\"105\" height=\"156\" \/><\/a><\/td>\n<td><strong>Jaap Smit:\u00a0<\/strong>Graduate of the Rijksbrandweeracademie, 5 years at the District inspection of Ministry of Home Affairs, 6 years experience at the Dutch Institute of Physical Safety, 15 years in the Safety Region IJsselland, participated in the realisation of a national Crisis Management System. Currently he is the Information Manager Geo, with the operational function of Information Manager in the Regional Operational Team.<\/td>\n<\/tr>\n<\/tbody>\n<\/table>\n<p><a href=\"http:\/\/www.gdmc.nl\/gi4dmdocs\/Gi4DM_2012_JaapSmit.pdf\" target=\"_blank\"><strong>Situational Awareness and Crisis Management Systems<\/strong><\/a><br \/>\nIn the 1980s, disaster management became a task for the emergency services in the Netherlands. The services copied the existing methods of using a hand-written \u2018Situation Report\u2019 for text and a \u2018Situation Plot\u2019 on a paper map. Much has been changes since then. Situational Awareness is now seen composed of several levels: 1) perception or observation, 2) comprehension or understanding and 3) forecasting future situations &#8230;<\/p>\n<p>_____________________________________________________________<\/p>\n<p><strong>Conference Program<\/strong><\/p>\n<p><strong>Wednesday, 12<sup>th<\/sup> December, Enschede<\/strong><\/p>\n<p>17:00 &#8211; 19:00 <strong><a href=\"http:\/\/disaster-fp7.eu\/\">Disaster Workshop<\/a>, Hotel Rodenbach, Enschede<\/strong><br \/>\n19:30 &#8211; 20:30 <strong>Icebreaker, Town Hall, Visit to the <a href=\"http:\/\/nl.wikipedia.org\/wiki\/3FM_Serious_Request\" target=\"_blank\">3FM Serious Request<\/a>, <a title=\"Serious Request 2012\" href=\"http:\/\/www.seriousrequest2012.nl\/\" target=\"_blank\">Glazen Huis 2012<\/a>, Enschede<br \/>\n<\/strong><\/p>\n<p><strong>Thursday, 13<sup>th<\/sup>, Holland Casino, Enschede<\/strong><\/p>\n<p>08:00 &#8211; 08:30 <strong>Registration<\/strong><\/p>\n<p>09:00\u00a0\u2013 09:20\u00a0 <strong>Opening by <a href=\"http:\/\/www.gdmc.nl\/gi4dmdocs\/Gi4DM_2012_Kraak_Opening%20Presentation.pdf\" target=\"_blank\">Menno-Jan Kraak<\/a> (JB GIS\/ICA) <\/strong><br \/>\n09:20 \u2013 11:00\u00a0\u00a0 <strong>Thursday, Technical session I, chair Sisi Zlatanova<br \/>\n<\/strong><\/p>\n<p>1. <a href=\"http:\/\/www.gdmc.nl\/gi4dmdocs\/Gi4DM_2012_Abidin_et_al.pdf\" target=\"_blank\">On the Roles of Geospatial Information for Risk Assessment of Land Subsidence in Urban Areas of Indonesia<\/a>, <em>Hasanuddin Z. Abidin, Heri Andreas, Irwan Gumilar, Teguh.P. Sidiq and Yoichi. Fukuda<\/em><br \/>\n2. <a href=\"http:\/\/www.gdmc.nl\/gi4dmdocs\/Gi4DM_2012_Fernandez_et_al.pdf\" target=\"_blank\">Methodology for Landslide Susceptibility and Hazard Mapping using GIS and SDI<\/a>, <em>Tom\u00e1s Fern\u00e1ndez, Jorge Jim\u00e9nez, Jorge Delgado, Javier Cardenal, Jos\u00e9 Luis P\u00e9rez, Rachid El Hamdouni, Clemente Irigaray and Jos\u00e9 Chac\u00f3n<\/em><br \/>\n3. <a href=\"https:\/\/gi4dm.net\/2012\/files\/2012\/12\/Gi4DM_2012_Pannman.pdf\" target=\"_blank\">Network Information Management for Collaboration in Disaster Management: Concepts and Case Study<\/a>, <em>Fons Pannman, Erik de Vries and Peter de Bruijn<\/em><br \/>\n4. <a href=\"http:\/\/www.gdmc.nl\/gi4dmdocs\/Gi4DM_2012_Zelle_et_al.pdf\" target=\"_blank\">Smoke Plume Modelling in Crisis Management<\/a><br \/>\n<em>Hein Zelle, Edwin Wisse, Agnes Mika and Tom van Tilburg<\/em><br \/>\n5. <a href=\"http:\/\/www.gdmc.nl\/gi4dmdocs\/Gi4DM_2012_Persie.pdf\" target=\"_blank\">Integration of Real-time UAV Video into the Fire Brigades Crisis Management System<\/a>, <em>Mark van Persie, Menso C. van Sijl, Edwin Wisse, Janio B. Tjoe-Awie, Arnout J. de Jong and Wim Bakker<\/em><\/p>\n<p>11:00 \u2013 11:20\u00a0\u00a0\u00a0 <strong>Break<\/strong><br \/>\n11:20 \u2013 13:00\u00a0\u00a0 <strong>Thursday, Technical session II, chair Thomas Becker <\/strong><\/p>\n<p>1. <a href=\"http:\/\/www.gdmc.nl\/gi4dmdocs\/Gi4DM_2012_Reznik.pdf\" target=\"_blank\">Geographic Information for Command and Control Systems Demonstration of Emergency Support System<\/a>, <em>Tom\u00e1\u0161 \u0158ezn\u00edk, Bronislava Hor\u00e1kov\u00e1, Roman Szturc<\/em><br \/>\n2. <a href=\"http:\/\/www.gdmc.nl\/gi4dmdocs\/Gi4DM_2012_Al-Salman.pdf\" target=\"_blank\">An Approach to Qualitative Emergency Management<\/a>, <em>Rami Al-Salman, Frank Dylla and Lutz Frommberger<\/em><br \/>\n3. <a href=\"http:\/\/www.gdmc.nl\/gi4dmdocs\/Gi4DM_2012_Makela.pdf\" target=\"_blank\">A Customizable Maturity Model for Assessing Collaboration in Disaster Management<\/a>, <em>Jaana M\u00e4kel\u00e4 and Kirsi Virrantaus<\/em><br \/>\n4. <a href=\"https:\/\/gi4dm.net\/2012\/files\/2012\/12\/Gi4DM_2012_B.Nushi_.pdf\" target=\"_blank\">The STIG: Framework for the Stress-Test for Infrastructures of Geographic information<\/a>, <em>Bujar Nushi and Bastiaan van Loenen<\/em><br \/>\n5. <a href=\"https:\/\/gi4dm.net\/2012\/files\/2012\/12\/Gi4DM_2012_van-Aalst_et-al.pdf\" target=\"_blank\">Using a Base Registry Key in Disaster information management: a Dutch Case Study on Linked Data<\/a>, <em>Jan-Willem van Aalst, Bart van Leeuwen and Rob Peters<\/em><\/p>\n<p>13:00 \u2013 13:30\u00a0\u00a0 <strong>Lunch<\/strong><br \/>\n13:30\u00a0\u2013 14:00 \u00a0 <strong>Invited talk <a href=\"http:\/\/www.gdmc.nl\/gi4dmdocs\/Gi4DM_2012_JaapSmit.pdf\" target=\"_blank\">Jaap Smith<\/a>\u00a0 (Fire brigade, Netherlands)<\/strong><br \/>\n14:00 \u2013 15:40\u00a0\u00a0 <strong>Thursday, Technical session III, chair Mahmoud Reza Delavar<br \/>\n<\/strong><\/p>\n<p>1. <a href=\"http:\/\/www.gdmc.nl\/gi4dmdocs\/Gi4DM_2012_Ishida.pdf\" target=\"_blank\">Simulation System of Tsunami Evacuation Behaviour during an Earthquake around JR Osaka Station Area<\/a>, <em>Ryo Ishida, Tomoko Izumi and Yoshio Nakatani<\/em><br \/>\n2. <a href=\"http:\/\/www.gdmc.nl\/gi4dmdocs\/Gi4DM_2012_Kehl.pdf\" target=\"_blank\">Interactive Simulation and Visualisation of Realistic Flooding Scenarios<\/a>, <em>Christian Kehl and Gerwin de Haan<\/em><br \/>\n3. <a href=\"http:\/\/www.gdmc.nl\/gi4dmdocs\/Gi4DM_2012_Seiki.pdf\" target=\"_blank\">Evaluation of a Support System for Large Area Tourist Evacuation Guidance: Kyoto Simulation Results<\/a>, <em>Seiki Kinugasa, Tomoko Izumi and Yoshio Nakatani<\/em><br \/>\n4. <a href=\"http:\/\/www.gdmc.nl\/gi4dmdocs\/Gi4DM_2012_Becker_Bartels.pdf\" target=\"_blank\">Cascading Effects and Inter-organisational Crisis Management of Critical Infrastructure Operators. Findings of a Research Project<\/a> <em>Thomas Becker, Marie Bartels, Michael Hahne, Leon Hempel and Renate Lieb<\/em><br \/>\n5. <a href=\"https:\/\/gi4dm.net\/2012\/files\/2012\/12\/Gi4DM_2012_Peters_et-al.pdf\" target=\"_blank\">Using Icons as a Means for Semantic Interoperability in Emergency Management: The Case of Cross-border Moor Fires and Schiphol Airport<\/a>, <em>Rob Peters, Jan-Willem van Aalst, Frank Wilson and Til Hofmann<\/em><\/p>\n<p>15:40 \u2013 16:00\u00a0\u00a0 <strong>Break<\/strong><br \/>\n16:00 \u2013 17:40\u00a0\u00a0 <strong>Thursday, Technical session IV, chair Tom\u00e1\u0161 \u0158ezn\u00edk<br \/>\n<\/strong><\/p>\n<p>1. <a href=\"http:\/\/www.gdmc.nl\/gi4dmdocs\/Gi4DM_2012_Bakillah_et_al.pdf\" target=\"_blank\">Multi-agents Evacuation Simulation Data Model with Social Considerations for Disaster Management Context<\/a>, <em>Mohamed Bakillah, J. Andr\u00e9s Dom\u00ednguez and Alexander Zipf<\/em><br \/>\n2. <a href=\"http:\/\/www.gdmc.nl\/gi4dmdocs\/Gi4DM_2012_Wijngaards.pdf\" target=\"_blank\">Agent-Enabled Information Provisioning while Retaining Control: a Demonstration<\/a>, <em>Peter de Bruijn and Niek Wijngaards<\/em><br \/>\n3. <a href=\"http:\/\/www.gdmc.nl\/gi4dmdocs\/Gi4DM_2012_Genc.pdf\" target=\"_blank\">Agent-Based Information Infrastructure for Disaster Management<\/a>, <em>Zulkuf Genc, Farideh Heidari, Michel A. Oey, Sander van Splunter and Frances M.T. Brazier<\/em><br \/>\n4. <a href=\"https:\/\/gi4dm.net\/2012\/files\/2012\/12\/Gi4DM_2012_Wang.pdf\" target=\"_blank\">An A*-based Search Approach for Navigation among Moving Obstacles<\/a>, <em>Zhiyong Wang and Sisi Zlatanova<\/em><br \/>\n5. <a href=\"https:\/\/gi4dm.net\/2012\/files\/2012\/12\/Gi4DM_2012_Steenbruggen-et-al.pdf\" target=\"_blank\">Effectiveness of Net-Centric Support Tools for Traffic Incident Management Results of a field experiment<\/a>, (<a href=\"http:\/\/www.youtube.com\/watch?v=rBIyKTdTA6c&amp;feature=plcp\" target=\"_blank\">video<\/a>), <em>John Steenbruggen, Maarten Krieckaert, Piet Rietveld, Henk Scholten and Maarten van der Vlist<\/em><\/p>\n<p>17:40 \u2013 18:20 \u00a0 <strong>Poster session + Reception<\/strong><br \/>\n18:20 \u2013 19:00\u00a0\u00a0 <strong>Keynote talk Ed Parsons (Google Crisis Response)<\/strong><br \/>\n19:00 \u2013 21:30\u00a0\u00a0 <strong>Dinner<\/strong><br \/>\n21:00 \u2013 21:25\u00a0\u00a0 <strong>Invited talk Gerke Spaling (Fire Work disaster Enschede) <\/strong><br \/>\n21:25 \u2013 21:30\u00a0\u00a0 <strong>Presentation Gi4DM 2013<\/strong><br \/>\n21:30 \u2013 23:00\u00a0\u00a0 <strong>Casino Play<br \/>\n<\/strong><\/p>\n<p><strong>Friday, 14<sup>th<\/sup> December, Holland Casino &amp; Formal Airport Twente<\/strong><\/p>\n<p><strong>08:00 \u2013 10:30\u00a0\u00a0\u00a0 Disaster management at Twente Airport (USAR exercise)<\/strong><strong><\/strong><\/p>\n<p>11:00 \u2013 12:40\u00a0\u00a0 <strong>Friday, Technical session V, chair Norman Kerle<\/strong><br \/>\n1. <a href=\"http:\/\/www.gdmc.nl\/gi4dmdocs\/Gi4DM_2012_Brovelli_Quang.pdf\" target=\"_blank\">Managing Satellite Precipitation Data (PERSIANN) through Web GeoServices: A Case Study in North Vietnam<\/a>, <em>Maria A Brovelli, Truong Xuan Quang, G\u00e9rald Fenoy<\/em><br \/>\n2. <a href=\"http:\/\/www.gdmc.nl\/gi4dmdocs\/Gi4DM_2012_Dragos.pdf\" target=\"_blank\">Transport Network Vulnerability Assessment Methodology, based on the Cost-distance Method and GIS Integration<\/a>, <em>Toma-Danila Dragos<\/em><br \/>\n3. <a href=\"http:\/\/www.gdmc.nl\/gi4dmdocs\/Gi4DM_2012_Delavar.pdf\" target=\"_blank\">Granular Computing and Dempster-Shafer Integration in Seismic Vulnerability Assessment<\/a>, <em>Fateme Khamespanah, F., Mahmoud Reza Delavar, Hadis Smadi Samadi Alin-ia and Mahdi Zare<\/em><br \/>\n4. <a href=\"http:\/\/www.gdmc.nl\/gi4dmdocs\/Gi4DM_2012_RVatseva.pdf\" target=\"_blank\">Applying GIS in Seismic Hazard Assessment and Data Integration for Disaster Management<\/a>, <em>Rumiana Vatseva, Dimcho Solakov, Emilia Tcherkezova, Stela Simeonova and Petya Trifonova<\/em><br \/>\n5. <a href=\"http:\/\/www.gdmc.nl\/gi4dmdocs\/Gi4DM_2012_Youn.pdf\" target=\"_blank\">Automatic Determination of Optimal Regularization Parameter in Rational Polynomial Coefficients Derivation<\/a>, <em>Junhee Youn, Tae-Hoon Kim, Changhee Hong and Jung-Rae Hwang<\/em><\/p>\n<p>12:40 \u2013 13:15 \u00a0 <strong>Lunch +<\/strong>\u00a0 <strong>Keynote talk <a href=\"http:\/\/www.gdmc.nl\/gi4dmdocs\/Gi4DM_2012_Neerincx.pdf\" target=\"_blank\">Mark Neerincx<\/a> (TUDelft\/TNO)<\/strong><br \/>\n13:20 \u2013 14:45 \u00a0 <strong>Friday, Technical session VI, chair Hans Scholten<br \/>\n<\/strong><\/p>\n<p><em>1<\/em>. <a href=\"http:\/\/www.gdmc.nl\/gi4dmdocs\/Gi4DM_2012_Kerle_Hoffman.pdf\" target=\"_blank\">Remote Sensing based Post-disaster Damage Mapping with Collaborative Methods<\/a><em>, Norman Kerle<\/em><br \/>\n2. <a href=\"http:\/\/www.gdmc.nl\/gi4dmdocs\/Gi4DM_2012_Hassanzadeh.pdf\" target=\"_blank\">Identification of Earthquake Disaster Hot Spots with Crowd Sourced Data<\/a>, <em>Reza Hassanzadeh and Zorica Nedovic-Budic<\/em><br \/>\n3. <a href=\"http:\/\/www.gdmc.nl\/gi4dmdocs\/Gi4DM_2012_Broer.pdf\" target=\"_blank\">A Virtual Police Force as Part of an Integrated Community Security Network<br \/>\nThe Case of the Dutch VPK Programme<\/a>, (<a href=\"http:\/\/www.virtueelpolitiekorps.nl\" target=\"_blank\">video<\/a>), <em>Wim Broer<\/em><\/p>\n<p>14:45 \u2013 15:00\u00a0\u00a0\u00a0 <strong>Award ceremony, Frans Schippers (Fire Brigade, Public Safety Region Kennemerland)<\/strong><br \/>\n15:00\u00a0\u00a0\u00a0\u00a0\u00a0\u00a0\u00a0\u00a0\u00a0\u00a0\u00a0\u00a0\u00a0\u00a0\u00a0\u00a0\u00a0 <strong>Evacuation to former Twente airport<\/strong><br \/>\n15:30\u00a0\u2013\u00a0 18:00\u00a0<strong> Research meets practice: demonstrations, drinks and a bite<\/strong><br \/>\n18:00 \u00a0 \u00a0 \u00a0 \u00a0 \u00a0 \u00a0 \u00a0 \u00a0\u00a0 <strong>Bus transfer to Holland Casino<br \/>\n<\/strong><\/p>\n<p>&nbsp;<\/p>\n<p><a href=\"https:\/\/gi4dm.net\/\">&#8211;<img decoding=\"async\" src=\"https:\/\/gi4dm.net\/2012\/files\/2012\/04\/Gi4DM_logo3.jpg\" alt=\"\" width=\"50\" height=\"50\" \/><\/a><\/p>\n","protected":false},"excerpt":{"rendered":"<p>You can download a PDF version of Conference Program from here, or scroll down and read it from the website: Keynote speakers: Ed Parsons:\u00a0 Geospatial Technologist of Google, with responsibility for evangelising Google\u2019s mission to organise the world\u2019s information using &hellip; <a href=\"https:\/\/gi4dm.net\/2012\/programme\/\">Continue reading <span class=\"meta-nav\">&rarr;<\/span><\/a><\/p>\n","protected":false},"author":3,"featured_media":0,"parent":0,"menu_order":6,"comment_status":"closed","ping_status":"closed","template":"","meta":{"footnotes":""},"_links":{"self":[{"href":"https:\/\/gi4dm.net\/2012\/wp-json\/wp\/v2\/pages\/14"}],"collection":[{"href":"https:\/\/gi4dm.net\/2012\/wp-json\/wp\/v2\/pages"}],"about":[{"href":"https:\/\/gi4dm.net\/2012\/wp-json\/wp\/v2\/types\/page"}],"author":[{"embeddable":true,"href":"https:\/\/gi4dm.net\/2012\/wp-json\/wp\/v2\/users\/3"}],"replies":[{"embeddable":true,"href":"https:\/\/gi4dm.net\/2012\/wp-json\/wp\/v2\/comments?post=14"}],"version-history":[{"count":201,"href":"https:\/\/gi4dm.net\/2012\/wp-json\/wp\/v2\/pages\/14\/revisions"}],"predecessor-version":[{"id":676,"href":"https:\/\/gi4dm.net\/2012\/wp-json\/wp\/v2\/pages\/14\/revisions\/676"}],"wp:attachment":[{"href":"https:\/\/gi4dm.net\/2012\/wp-json\/wp\/v2\/media?parent=14"}],"curies":[{"name":"wp","href":"https:\/\/api.w.org\/{rel}","templated":true}]}}