{"id":25,"date":"2012-04-22T07:38:14","date_gmt":"2012-04-22T05:38:14","guid":{"rendered":"https:\/\/gi4dm.net\/2012\/?page_id=25"},"modified":"2012-12-20T19:10:16","modified_gmt":"2012-12-20T17:10:16","slug":"committees","status":"publish","type":"page","link":"https:\/\/gi4dm.net\/2012\/committees\/","title":{"rendered":"Committees"},"content":{"rendered":"<p><strong>Chairs:<\/strong><br \/>\nSisi Zlatanova, Delft University of Technology<br \/>\nRob Peters, University of Amsterdam and Public Safety District Kennemerland<br \/>\nPaul Havinga, University of Twente<\/p>\n<p><strong>Co-Chairs<\/strong>:<br \/>\nArta Dilo, University of Twente<br \/>\nGerke Spaling, Public Safety District Twente<br \/>\nJakob Beetz, Eindhoven University of Technology<br \/>\nIke Kortleven, i-Bridge 3.0<\/p>\n<p><strong>Local Organising Committee:<\/strong><br \/>\nNicole Baveld, University of Twente<br \/>\nRelinde van Bladel, i-Bridge 3.0<br \/>\nElfriede Fendel, Delft University of Technology<br \/>\nLiu Liu, Delft University of Technology<br \/>\nAmin Mobasheri, Delft University of Technology<br \/>\nSimeon Nedkov, Delft University of Technology<br \/>\nThelma Nordholt-Prenger, University of Twente<br \/>\nEllen OudeKotte, Kennemerland Safety District<br \/>\nHans Scholten, University of Twente<br \/>\nZhiyong Wang, Delft University of Technology<br \/>\nMarlous Weghorst, University of Twente<\/p>\n<p><strong>Hosts and demonstrations<\/strong><br \/>\nRob Boots, iBridge 3.0<br \/>\nMario Schoonderwoerd, Disaster project, FP7, Security Porgramme EC<br \/>\nPeter de Bruijn, Studio Veiligheid<\/p>\n<p><strong>Advisory Scientific Committee<\/strong>:<br \/>\nOrhan Altan, ISPRS, Chair JB GIS ad hoc Committee RDM<br \/>\nJoep Crompvoets, EuroSDR<br \/>\nDieter Fritsch, EuroSDR<br \/>\nYerach Doytsher, FIG<br \/>\nDavid Mitchell, FIG<br \/>\nAbbas Rajabifard, GSDI<br \/>\nTony Milne, IEEE GRSS<br \/>\nJohn Labrecque, IAG<br \/>\nChris Rizos, IAG<br \/>\nMilan Konecn\u00fd, ICA<br \/>\nZentai Laszlo, ICA<br \/>\nSteve Shipman, IHO<br \/>\nYoshikazu Fukushima, ISCGM<br \/>\nPiero Boccardo, ITHACA<br \/>\nAlik Ismail-Zadeh, IUGG<br \/>\nRamesh Singh, IUGG<br \/>\nRobert Backhaus, UNOOSA<\/p>\n<p><strong>Scientific Committee<\/strong>:<br \/>\nAlessandro Annoni, Joint Research Centre (JRC), Italy<br \/>\nAndrea Ajmar, ITHACA, Italy<br \/>\nTemenujka Bandrova, University of Architecture, Civil Engineering and Geodesy, Bulgaria<br \/>\nRolan Billen, University of Liege, Belgium<br \/>\nThom Bogaard, Delft University of Technology, Netherlands<br \/>\nMartin Breunig, Karlsruhe Institute of Technology, Germany<br \/>\nEduardo Dias, Free University Amsterdam, Netherlands<br \/>\nGilles Falquet, University of Geneva, Switzerland<br \/>\nMarcus Goetz, University of Heidelberg, Germany<br \/>\nThom de Groeve, JRC, Italy<br \/>\nTil Hofmann, Fachhochshule Koln, Germany<br \/>\nBo Huang, The Chinese University of Hong Kong, China<br \/>\nUmit Isikdag, Beykend University, Turkey<br \/>\nIvana Ivanova, University of Twente, Netherlands<br \/>\nNorman Kerle, University of Twente, Netherlands<br \/>\nThomas Kolbe, Berlin University of Technology, Germany<br \/>\nPetr Kubicek, Masaryk University, Czech Republic<br \/>\nHugo Ledoux, Delft University of Technology, Netherlands<br \/>\nJiyoung Lee, Seoul National University, Korea<br \/>\nJonathan Li, University of Waterloo, Canada<br \/>\nKi-Joune Li, Pusan National University, Korea<br \/>\nSongnian Li, Ryerson University, Canada<br \/>\nMartijn Meijers, Delft University of Technology, Netherlands<br \/>\nNirvana Meratnia, University of Twente, Netherlands<br \/>\nDarka Mioc, Technical University of Denmark, Denmark<br \/>\nJeremy Morley, The University of Nottingham, UK<br \/>\nClaus Nagel, Technical University of Berlin, Germany<br \/>\nJorge Posada, VICOMTech, Spain<br \/>\nPeter van Oosterom, Delft University of Technology, Netherlands<br \/>\nWolfganf Reinhardt, University of the Bundeswehr in Munich, Germany<br \/>\nHans Schevers, StrateGIS, Netherlands<br \/>\nHans Scholten, University of Twente, Netherlands<br \/>\nHenk Scholten, Free University Amsterdam, Netherlands<br \/>\nFabio Giulio Tonolo, ITHACA, Italy<br \/>\nUlanbek Turdukulov, University of Twente, Netherlands<br \/>\nAyseg\u00fcl T\u00fcys\u00fcz Erman, Isik University, Turkey<br \/>\nBauke de Vries, Eindhoven University of Technology, Netherlands<br \/>\nJason Underwood, University of Salford, UK<br \/>\nQing Zhu, Wuhan University, China<br \/>\nAlexander Zipf, University of Heidelberg, Germany<br \/>\nBerend Jan van der Zwaag, University of Twente, Netherlands<\/p>\n<p><strong>R&amp;D Advisory Committee<\/strong><br \/>\nMarcos Sacrist\u00e1n Cepeda (Treelogic, Spain)<br \/>\nBart van Leeuwen (Public Safety region Amsterdam, NL)<br \/>\nHenk Djurrema (Public Safety region NO Gelderland, NL)<br \/>\nJan Willem van Aalst (Imergis, NL)<br \/>\nFrank Wilson (IDL, UK)<br \/>\nRobert Kieboom (CityGIS, NL)<br \/>\nBenedict Weber (Antworting, Germany)<\/p>\n<p>&nbsp;<\/p>\n<p><a href=\"https:\/\/gi4dm.net\/\"><img decoding=\"async\" class=\"alignleft\" src=\"https:\/\/gi4dm.net\/2012\/files\/2012\/04\/Gi4DM_logo3.jpg\" alt=\"\" width=\"50\" height=\"50\" \/><\/a><\/p>\n","protected":false},"excerpt":{"rendered":"<p>Chairs: Sisi Zlatanova, Delft University of Technology Rob Peters, University of Amsterdam and Public Safety District Kennemerland Paul Havinga, University of Twente Co-Chairs: Arta Dilo, University of Twente Gerke Spaling, Public Safety District Twente Jakob Beetz, Eindhoven University of Technology &hellip; <a href=\"https:\/\/gi4dm.net\/2012\/committees\/\">Continue reading <span class=\"meta-nav\">&rarr;<\/span><\/a><\/p>\n","protected":false},"author":3,"featured_media":0,"parent":0,"menu_order":4,"comment_status":"closed","ping_status":"closed","template":"","meta":{"footnotes":""},"_links":{"self":[{"href":"https:\/\/gi4dm.net\/2012\/wp-json\/wp\/v2\/pages\/25"}],"collection":[{"href":"https:\/\/gi4dm.net\/2012\/wp-json\/wp\/v2\/pages"}],"about":[{"href":"https:\/\/gi4dm.net\/2012\/wp-json\/wp\/v2\/types\/page"}],"author":[{"embeddable":true,"href":"https:\/\/gi4dm.net\/2012\/wp-json\/wp\/v2\/users\/3"}],"replies":[{"embeddable":true,"href":"https:\/\/gi4dm.net\/2012\/wp-json\/wp\/v2\/comments?post=25"}],"version-history":[{"count":60,"href":"https:\/\/gi4dm.net\/2012\/wp-json\/wp\/v2\/pages\/25\/revisions"}],"predecessor-version":[{"id":939,"href":"https:\/\/gi4dm.net\/2012\/wp-json\/wp\/v2\/pages\/25\/revisions\/939"}],"wp:attachment":[{"href":"https:\/\/gi4dm.net\/2012\/wp-json\/wp\/v2\/media?parent=25"}],"curies":[{"name":"wp","href":"https:\/\/api.w.org\/{rel}","templated":true}]}}