{"id":14,"date":"2012-04-22T07:33:16","date_gmt":"2012-04-22T05:33:16","guid":{"rendered":"https:\/\/gi4dm.net\/2015a\/?page_id=14"},"modified":"2015-07-17T12:29:57","modified_gmt":"2015-07-17T10:29:57","slug":"programme","status":"publish","type":"page","link":"https:\/\/gi4dm.net\/2015\/programme\/","title":{"rendered":"Programme"},"content":{"rendered":"<p>&nbsp;<\/p>\n<table style=\"border-collapse: collapse\" border=\"0\" cellspacing=\"0\" cellpadding=\"0\">\n<tbody>\n<tr bgcolor=\"maroon\">\n<td style=\"text-align: center\"><span style=\"color: #ffffff\"><strong>Invited speakers<\/strong><\/span><\/td>\n<\/tr>\n<tr>\n<td style=\"text-align: center\" bgcolor=\"262626\"><span style=\"color: #ffffff\"><strong>Ed Parsons<\/strong><\/span><\/td>\n<\/tr>\n<tr>\n<td><img decoding=\"async\" class=\"alignleft\" style=\"vertical-align: top\" src=\"http:\/\/blakeparsons.com\/edparsons\/wp-content\/uploads\/2006\/05\/edparsons-203x300.jpg\" alt=\"\" width=\"105\" height=\"156\" \/><\/td>\n<\/tr>\n<tr>\n<td style=\"text-align: justify\"><strong>Here come the Machines. Bringing the power of machine learning to crisis response<\/strong>:the talk will look at how the processing capability of the cloud and big data can be harnessed to build practical applications that may be used to support crisis response.<\/td>\n<\/tr>\n<tr>\n<td style=\"text-align: justify\" colspan=\"2\">Ed Parsons is the Geospatial Technologist of Google, with responsibility for evangelising Google\u2019s mission to organise the world\u2019s information using geography. In this role he maintains links with Universities, Research and Standards Organisations which are involved in the development of Geospatial Technology. He is currently co-chair of the W3C\/OGC Spatial Data on the Web Working Group. Ed was the first Chief Technology Officer in the 200-year-old history of Ordnance Survey, and was instrumental in moving the focus of the organisation from mapping to Geographical Information. He came to the Ordnance Survey from Autodesk, where he was EMEA Applications Manager for the Geographical Information Systems (GIS) Division. He earned a Masters degree in Applied Remote Sensing from Cranfield Institute of Technology and holds a Honorary Doctorate in Science from Kingston University, London and is a fellow of the Royal Geographical Society. <a href=\"http:\/\/www.edparsons.com\/about-me\/\" target=\"_blank\"><strong>more &#8230;<\/strong><\/a><\/td>\n<\/tr>\n<tr>\n<td style=\"text-align: center\" bgcolor=\"262626\"><span style=\"color: #ffffff\"><strong>Thomas Kolbe<\/strong><\/span><\/td>\n<\/tr>\n<tr>\n<td><img decoding=\"async\" class=\"alignnone size-full wp-image-1092\" src=\"https:\/\/gi4dm.net\/2015\/files\/2012\/04\/Kolbe_Thomas_04.jpg\" alt=\"Kolbe_Thomas_04\" width=\"140\" height=\"180\" \/><\/td>\n<\/tr>\n<tr>\n<td style=\"text-align: justify\"><strong>On the way to CityGML 3.0: 3D City Models for Multi Simulations and the Structuring of Big Urban Data<\/strong>: The presentation will show new directions in the semantic 3D modeling of cities and landscapes. It will show concrete examples where city models have been recently introduced to link distributed and heterogeneous big data from various application areas like energy, environment, transport, and disaster management coming from different city departments. I will also show how these challenges are being addressed in the upcoming new version 3.0 of the CityGML standard.<\/td>\n<\/tr>\n<tr>\n<td style=\"text-align: justify\">The research field of Professor Kolbe (b. 1968) is the development of methods for the spatial, temporal and semantic modeling, storage, analysis and visualization of the environment. Key areas are virtual 3D city and landscape models, city system modeling, smart cities, 3D geodatabases, 3D geoinformation systems, GIS &amp; simulations and indoor navigation. Professor Kolbe is the initiator and co-author of the international standard CityGML for semantic 3D city and landscape models. Professor Kolbe studied computer science at the University Dortmund between 1988 and 1993. After completing his studies he worked as a research assistant at the Institute for Computer Science III at the University of Bonn and the Institute for Environmental Sciences at the University of Vechta until 1999. He was awarded his doctoral degree in 1999. From 1999 he was a research assistant, and later a senior research assistant, at the Institute for Cartography and Geoinformation at the University of Bonn. Between 2006 and 2012 he held the Chair of the Department of Geoinformation Technology at TU Berlin. Since 2012 he has been president of the German Society for Photogrammetry, Remote Sensing and Geoinformation (DGPF) and a professor at TUM.<\/td>\n<\/tr>\n<\/tbody>\n<\/table>\n<p>&nbsp;<\/p>\n<table style=\"border-collapse: collapse\" border=\"0\" cellspacing=\"0\" cellpadding=\"0\">\n<tbody>\n<tr style=\"height: 15.0pt\" valign=\"bottom\">\n<td style=\"height: 15pt;text-align: center\" colspan=\"2\" valign=\"middle\" bgcolor=\"maroon\" width=\"717\" height=\"20\"><b><span style=\"color: white\">Thursday 1 October<\/span><\/b><\/td>\n<\/tr>\n<tr style=\"height: 15.0pt\" valign=\"bottom\">\n<td style=\"height: 15pt;border-top-style: none;text-align: center\" align=\"center\" valign=\"middle\" bgcolor=\"#262626\" height=\"20\"><span style=\"color: #ffffff\"><b>Time<\/b><\/span><\/td>\n<td style=\"border-top-style: none;text-align: center\" align=\"center\" valign=\"middle\" bgcolor=\"#262626\"><span style=\"color: #ffffff\"><b>Activity<\/b><\/span><\/td>\n<\/tr>\n<tr style=\"height: 20.1pt\" valign=\"bottom\">\n<td style=\"height: 20.1pt;border-top: none\" align=\"center\" valign=\"middle\" bgcolor=\"#F2F2F2\" height=\"26\">08:00<\/td>\n<td style=\"border-top: none\" valign=\"middle\" bgcolor=\"#F2F2F2\"><b>Registration<\/b><\/td>\n<\/tr>\n<tr style=\"height: 20.1pt\" valign=\"bottom\">\n<td style=\"height: 20.1pt;border-top: none\" align=\"center\" valign=\"middle\" bgcolor=\"#F2F2F2\" height=\"26\">09:00<\/td>\n<td style=\"border-top: none\" valign=\"middle\" bgcolor=\"#F2F2F2\"><b>Plenary\u00a0Talk: Simon Lacroix<\/b><\/td>\n<\/tr>\n<tr style=\"height: 20.1pt\" valign=\"bottom\">\n<td style=\"height: 20.1pt;border-top: none\" align=\"center\" valign=\"middle\" bgcolor=\"#F2F2F2\" height=\"26\">09:45<\/td>\n<td style=\"border-top: none\" valign=\"middle\" bgcolor=\"#F2F2F2\"><b>Opening<\/b><\/td>\n<\/tr>\n<tr style=\"height: 20.1pt\" valign=\"bottom\">\n<td style=\"height: 20.1pt;border-top: none\" align=\"center\" valign=\"middle\" bgcolor=\"#F2F2F2\" height=\"26\">10:00<\/td>\n<td style=\"border-top: none\" valign=\"middle\" bgcolor=\"#F2F2F2\"><b>Invited\u00a0Speaker: Devis Tuia<\/b><\/td>\n<\/tr>\n<tr style=\"height: 20.1pt\" valign=\"bottom\">\n<td style=\"height: 20.1pt;border-top: none\" align=\"center\" valign=\"middle\" bgcolor=\"#BFBFBF\" height=\"26\">10:45<\/td>\n<td style=\"border-top: none\" valign=\"middle\" bgcolor=\"#BFBFBF\"><b>Coffee\u00a0Break<\/b><\/td>\n<\/tr>\n<tr style=\"height: 20.1pt\" valign=\"bottom\">\n<td style=\"height: 20.1pt;border-top: none\" align=\"center\" valign=\"middle\" bgcolor=\"#F2F2F2\" height=\"26\">11:15<\/td>\n<td style=\"border-top: none\" valign=\"middle\" bgcolor=\"#F2F2F2\"><b>Inivited\u00a0Speaker: Ed Parsons<\/b><br \/>\nHere come the Machines. Bringing the power of machine learning to crisis response<\/td>\n<\/tr>\n<tr style=\"height: 20.1pt\" valign=\"bottom\">\n<td style=\"height: 20.1pt;border-top: none\" align=\"center\" valign=\"middle\" bgcolor=\"#F2F2F2\" height=\"26\">12:00<\/td>\n<td style=\"border-top: none\" valign=\"middle\" bgcolor=\"#F2F2F2\"><b>Panel\u00a0Discussion<\/b><\/td>\n<\/tr>\n<tr style=\"height: 15.0pt\" valign=\"bottom\">\n<td style=\"height: 15.0pt;border-top: none\" height=\"20\"><span style=\"color: #000000\">\u00a0<\/span><\/td>\n<td style=\"border-top: none\" valign=\"middle\">To be elaborated<\/td>\n<\/tr>\n<tr style=\"height: 20.1pt\" valign=\"bottom\">\n<td style=\"height: 20.1pt;border-top: none\" align=\"center\" valign=\"middle\" bgcolor=\"#BFBFBF\" height=\"26\">12:45<\/td>\n<td style=\"border-top: none\" valign=\"middle\" bgcolor=\"#BFBFBF\"><b>Lunch<\/b><\/td>\n<\/tr>\n<tr style=\"height: 20.1pt\" valign=\"bottom\">\n<td style=\"height: 20.1pt;border-top: none\" align=\"center\" valign=\"middle\" bgcolor=\"#F2F2F2\" height=\"26\">14:00<\/td>\n<td style=\"border-top: none\" valign=\"middle\" bgcolor=\"#F2F2F2\"><b>Session\u00a0A: Crisis Management<\/b><\/td>\n<\/tr>\n<tr style=\"height: 45.0pt\" valign=\"bottom\">\n<td style=\"height: 45.0pt;border-top: none\" height=\"60\"><span style=\"color: #000000\">\u00a0<\/span><\/td>\n<td style=\"border-top: none;width: 461pt\" valign=\"middle\" width=\"615\"><b>C. Corbane, T. De Groeve, D.\u00a0Ehrlich, K. Poljansek<\/b><br \/>\nA European framework for recording and\u00a0sharing disaster damage and loss data<\/td>\n<\/tr>\n<tr style=\"height: 45.0pt\" valign=\"bottom\">\n<td style=\"height: 45.0pt;border-top: none\" height=\"60\"><span style=\"color: #000000\">\u00a0<\/span><\/td>\n<td style=\"border-top: none;width: 461pt\" valign=\"middle\" width=\"615\"><b>R. Roller, J. Roes, E. Verbree<\/b><br \/>\nBenefits of linked data for\u00a0interoperability during crisis management<\/td>\n<\/tr>\n<tr style=\"height: 45.0pt\" valign=\"bottom\">\n<td style=\"height: 45.0pt;border-top: none\" height=\"60\"><span style=\"color: #000000\">\u00a0<\/span><\/td>\n<td style=\"border-top: none;width: 461pt\" valign=\"middle\" width=\"615\"><b>G. Lucas, Cs. L\u00e9n\u00e1rt, J. Solymosi<\/b><br \/>\nDevelopment and testing of geo-processing\u00a0models for the automatic generation of remediation plan and navigation data\u00a0to use in industrial disaster remediation<\/td>\n<\/tr>\n<tr style=\"height: 20.1pt\" valign=\"bottom\">\n<td style=\"height: 20.1pt;border-top: none\" align=\"center\" valign=\"middle\" bgcolor=\"#BFBFBF\" height=\"26\">15:30<\/td>\n<td style=\"border-top: none\" valign=\"middle\" bgcolor=\"#BFBFBF\"><b>Coffee\u00a0Break<\/b><\/td>\n<\/tr>\n<tr style=\"height: 20.1pt\" valign=\"bottom\">\n<td style=\"height: 20.1pt;border-top: none\" align=\"center\" valign=\"middle\" bgcolor=\"#F2F2F2\" height=\"26\">16:00<\/td>\n<td style=\"border-top: none\" valign=\"middle\" bgcolor=\"#F2F2F2\"><b>Session\u00a0B: Monitoring 1<\/b><\/td>\n<\/tr>\n<tr style=\"height: 45.0pt\" valign=\"bottom\">\n<td style=\"height: 45.0pt;border-top: none\" height=\"60\"><span style=\"color: #000000\">\u00a0<\/span><\/td>\n<td style=\"border-top: none;width: 461pt\" valign=\"middle\" width=\"615\"><b>M. Nakagawa, T. Yamamoto, S. Tanaka<\/b><br \/>\nLocation-based infrastructure inspection\u00a0for SABO facilities<\/td>\n<\/tr>\n<tr style=\"height: 45.0pt\" valign=\"bottom\">\n<td style=\"height: 45.0pt;border-top: none\" height=\"60\"><span style=\"color: #000000\">\u00a0<\/span><\/td>\n<td style=\"border-top: none;width: 461pt\" valign=\"middle\" width=\"615\"><b>T. Fern\u00e1ndez, J. L. P\u00e9rez, F. J.\u00a0Cardenal, A. L\u00f3pez, J. M. G\u00f3mez, C. Colomo, J. Delgado, M. S\u00e1nchez<\/b><br \/>\nUse of a light UAV and photogrammetric\u00a0techniques to study the evolution of a landslide in Ja\u00e9n (Southern Spain)<\/td>\n<\/tr>\n<tr style=\"height: 45.0pt\" valign=\"bottom\">\n<td style=\"height: 45.0pt;border-top: none\" height=\"60\"><span style=\"color: #000000\">\u00a0<\/span><\/td>\n<td style=\"border-top: none;width: 461pt\" valign=\"middle\" width=\"615\"><b>G. Lucas<\/b><br \/>\nConsidering time in orthophotography\u00a0production: from a general workflow to a shortened workflow for a faster\u00a0disaster response<\/td>\n<\/tr>\n<tr style=\"height: 15.0pt\" valign=\"bottom\">\n<td style=\"height: 15.0pt;border-top: none\" height=\"20\"><span style=\"color: #000000\">\u00a0<\/span><\/td>\n<td style=\"border-top: none\"><\/td>\n<\/tr>\n<tr style=\"height: 20.1pt\" valign=\"bottom\">\n<td style=\"height: 20.1pt;border-top: none\" align=\"center\" valign=\"middle\" bgcolor=\"#BFBFBF\" height=\"26\">19:30<\/td>\n<td style=\"border-top: none\" valign=\"middle\" bgcolor=\"#BFBFBF\"><b>Dinner\u00a0(La Manade Boch)<\/b><\/td>\n<\/tr>\n<tr style=\"height: 15.0pt\" valign=\"bottom\">\n<td style=\"height: 15.0pt\" height=\"20\"><\/td>\n<td><\/td>\n<\/tr>\n<tr style=\"height: 15.0pt\">\n<td style=\"height: 15.0pt\" height=\"20\"><\/td>\n<td><\/td>\n<\/tr>\n<tr style=\"height: 15.0pt\" valign=\"bottom\">\n<td style=\"height: 15pt;text-align: center\" colspan=\"2\" align=\"center\" valign=\"middle\" bgcolor=\"maroon\" height=\"20\"><span style=\"color: #ffffff\"><b>Friday 2 October<\/b><\/span><\/td>\n<\/tr>\n<tr style=\"height: 15.0pt\" valign=\"bottom\">\n<td style=\"height: 15pt;border-top-style: none;text-align: center\" align=\"center\" valign=\"middle\" bgcolor=\"#262626\" height=\"20\"><span style=\"color: #ffffff\"><b>Time<\/b><\/span><\/td>\n<td style=\"border-top-style: none;text-align: center\" align=\"center\" valign=\"middle\" bgcolor=\"#262626\"><span style=\"color: #ffffff\"><b>Activity<\/b><\/span><\/td>\n<\/tr>\n<tr style=\"height: 20.1pt\" valign=\"bottom\">\n<td style=\"height: 20.1pt;border-top: none\" align=\"center\" valign=\"middle\" bgcolor=\"#F2F2F2\" height=\"26\">08:00<\/td>\n<td style=\"border-top: none\" valign=\"middle\" bgcolor=\"#F2F2F2\"><b>Registration<\/b><\/td>\n<\/tr>\n<tr style=\"height: 20.1pt\" valign=\"bottom\">\n<td style=\"height: 20.1pt;border-top: none\" align=\"center\" valign=\"middle\" bgcolor=\"#F2F2F2\" height=\"26\">09:00<\/td>\n<td style=\"border-top: none\" valign=\"middle\" bgcolor=\"#F2F2F2\"><b>Plenary\u00a0Talk: Elmar Eiseman<\/b><\/td>\n<\/tr>\n<tr style=\"height: 20.1pt\" valign=\"bottom\">\n<td style=\"height: 20.1pt;border-top: none\" align=\"center\" valign=\"middle\" bgcolor=\"#F2F2F2\" height=\"26\">09:45<\/td>\n<td style=\"border-top: none\" valign=\"middle\" bgcolor=\"#F2F2F2\"><b>Opening<\/b><\/td>\n<\/tr>\n<tr style=\"height: 20.1pt\" valign=\"bottom\">\n<td style=\"height: 20.1pt;border-top: none\" align=\"center\" valign=\"middle\" bgcolor=\"#F2F2F2\" height=\"26\">10:00<\/td>\n<td style=\"border-top: none\" valign=\"middle\" bgcolor=\"#F2F2F2\"><b>Invited\u00a0Speaker: Thomas Kolbe<\/b><br \/>\nOn the way to CityGML 3.0: 3D City Models for Multi Simulations and the Structuring of Big Urban Data<\/td>\n<\/tr>\n<tr style=\"height: 20.1pt\" valign=\"bottom\">\n<td style=\"height: 20.1pt;border-top: none\" align=\"center\" valign=\"middle\" bgcolor=\"#BFBFBF\" height=\"26\">10:45<\/td>\n<td style=\"border-top: none\" valign=\"middle\" bgcolor=\"#BFBFBF\"><b>Coffee\u00a0Break<\/b><\/td>\n<\/tr>\n<tr style=\"height: 20.1pt\" valign=\"bottom\">\n<td style=\"height: 20.1pt;border-top: none\" align=\"center\" valign=\"middle\" bgcolor=\"#F2F2F2\" height=\"26\">11:15<\/td>\n<td style=\"border-top: none\" valign=\"middle\" bgcolor=\"#F2F2F2\"><b>Session<br \/>\nC: Risk Management<\/b><\/td>\n<\/tr>\n<tr style=\"height: 45.0pt\" valign=\"bottom\">\n<td style=\"height: 45.0pt;border-top: none\" height=\"60\"><span style=\"color: #000000\">\u00a0<\/span><\/td>\n<td style=\"border-top: none;width: 461pt\" valign=\"middle\" width=\"615\"><b>R. Aarsen, M. Janssen, M. Ramkisoen, F. Biljecki, W. Quak, E. Verbree<\/b><br \/>\nInstalled base registration of\u00a0decentralised solar panels with applications in crisis management<\/td>\n<\/tr>\n<tr style=\"height: 45.0pt\" valign=\"bottom\">\n<td style=\"height: 45.0pt;border-top: none\" height=\"60\"><span style=\"color: #000000\">\u00a0<\/span><\/td>\n<td style=\"border-top: none;width: 461pt\" valign=\"middle\" width=\"615\"><b>H. Sheikhian, M.R. Delavar and A.\u00a0Stein<\/b><br \/>\nIntegrated estimation of seismic physical\u00a0vulnerability of Tehran using rule based granular computing<\/td>\n<\/tr>\n<tr style=\"height: 45.0pt\" valign=\"bottom\">\n<td style=\"height: 45.0pt;border-top: none\" height=\"60\"><span style=\"color: #000000\">\u00a0<\/span><\/td>\n<td style=\"border-top: none;width: 461pt\" valign=\"middle\" width=\"615\"><b>M. Caprioli, R.Trizzino, R.\u00a0Pagliarulo, M. Scarano, F. Mazzone, A. Scognamiglio<\/b><br \/>\nManagement of environmental risks in\u00a0coastal areas<\/td>\n<\/tr>\n<tr style=\"height: 20.1pt\" valign=\"bottom\">\n<td style=\"height: 20.1pt;border-top: none\" align=\"center\" valign=\"middle\" bgcolor=\"#BFBFBF\" height=\"26\">12:45<\/td>\n<td style=\"border-top: none\" valign=\"middle\" bgcolor=\"#BFBFBF\"><b>Lunch<\/b><\/td>\n<\/tr>\n<tr style=\"height: 20.1pt\" valign=\"bottom\">\n<td style=\"height: 20.1pt;border-top: none\" align=\"center\" valign=\"middle\" bgcolor=\"#F2F2F2\" height=\"26\">14:00<\/td>\n<td style=\"border-top: none\" valign=\"middle\" bgcolor=\"#F2F2F2\"><b>Session\u00a0D: Coordination of Disaster Response<\/b><\/td>\n<\/tr>\n<tr style=\"height: 45.0pt\" valign=\"bottom\">\n<td style=\"height: 45.0pt;border-top: none\" height=\"60\"><span style=\"color: #000000\">\u00a0<\/span><\/td>\n<td style=\"border-top: none;width: 461pt\" valign=\"middle\" width=\"615\"><b>QIU Linyao, ZHU Qing, GU Jieye, DU\u00a0Zhiqiang<\/b><br \/>\nA task-driven disaster data link approach<\/td>\n<\/tr>\n<tr style=\"height: 45.0pt\" valign=\"bottom\">\n<td style=\"height: 45.0pt;border-top: none\" height=\"60\"><span style=\"color: #000000\">\u00a0<\/span><\/td>\n<td style=\"border-top: none;width: 461pt\" valign=\"middle\" width=\"615\"><b>E. Demir Ozbek, S. Ates, A.C.\u00a0Aydinoglu<\/b><br \/>\nUsing geo-data corporately on the response\u00a0phase of emergency management<\/td>\n<\/tr>\n<tr style=\"height: 45.0pt\" valign=\"bottom\">\n<td style=\"height: 45.0pt;border-top: none\" height=\"60\"><span style=\"color: #000000\">\u00a0<\/span><\/td>\n<td style=\"border-top: none;width: 461pt\" valign=\"middle\" width=\"615\"><b>T. Bandrova, M. Koutev, L. Pashova,\u00a0D. Savova, S. Marinova<\/b><br \/>\nConceptual framework for educational\u00a0disaster centre \u201cSave the Children Life\u201d<\/td>\n<\/tr>\n<tr style=\"height: 20.1pt\" valign=\"bottom\">\n<td style=\"height: 20.1pt;border-top: none\" align=\"center\" valign=\"middle\" bgcolor=\"#BFBFBF\" height=\"26\">15:30<\/td>\n<td style=\"border-top: none\" valign=\"middle\" bgcolor=\"#BFBFBF\"><b>Coffee\u00a0Break<\/b><\/td>\n<\/tr>\n<tr style=\"height: 20.1pt\" valign=\"bottom\">\n<td style=\"height: 20.1pt;border-top: none\" align=\"center\" valign=\"middle\" bgcolor=\"#F2F2F2\" height=\"26\">16:00<\/td>\n<td style=\"border-top: none\" valign=\"middle\" bgcolor=\"#F2F2F2\"><b>Session\u00a0E: Monitoring 2<\/b><\/td>\n<\/tr>\n<tr style=\"height: 45.0pt\" valign=\"bottom\">\n<td style=\"height: 45.0pt;border-top: none\" height=\"60\"><span style=\"color: #000000\">\u00a0<\/span><\/td>\n<td style=\"border-top: none;width: 461pt\" valign=\"middle\" width=\"615\"><b>Kuldeep, P. K. Garg<\/b><br \/>\nThe role of satellite derived data for\u00a0flood inundation mapping using GIS<\/td>\n<\/tr>\n<tr style=\"height: 45.0pt\" valign=\"bottom\">\n<td style=\"height: 45.0pt;border-top: none\" height=\"60\"><span style=\"color: #000000\">\u00a0<\/span><\/td>\n<td style=\"border-top: none;width: 461pt\" valign=\"middle\" width=\"615\"><b>L. A. Gueye, M. S. Keita, , J. O. Akinyede, O. Kufoniyi, G. Erin<\/b><br \/>\nDevelopment of a cartographic strategy and\u00a0geospatial services for disaster early warning and mitigation in the ECOWAS\u00a0sub region<\/td>\n<\/tr>\n<tr style=\"height: 20.1pt\" valign=\"bottom\">\n<td style=\"height: 20.1pt;border-top: none\" align=\"center\" valign=\"middle\" bgcolor=\"#BFBFBF\" height=\"26\">17:30<\/td>\n<td style=\"border-top: none\" valign=\"middle\" bgcolor=\"#BFBFBF\"><b>Closing<\/b><\/td>\n<\/tr>\n<\/tbody>\n<\/table>\n<p>&nbsp;<\/p>\n<p><a href=\"https:\/\/gi4dm.net\/\">&#8211;<img decoding=\"async\" src=\"https:\/\/gi4dm.net\/2015\/files\/2012\/04\/Gi4DM_logo3.jpg\" alt=\"\" width=\"50\" height=\"50\" \/><\/a><\/p>\n","protected":false},"excerpt":{"rendered":"<p>&nbsp; Invited speakers Ed Parsons Here come the Machines. Bringing the power of machine learning to crisis response:the talk will look at how the processing capability of the cloud and big data can be harnessed to build practical applications that &hellip; <a href=\"https:\/\/gi4dm.net\/2015\/programme\/\">Continue reading <span class=\"meta-nav\">&rarr;<\/span><\/a><\/p>\n","protected":false},"author":3,"featured_media":0,"parent":0,"menu_order":6,"comment_status":"closed","ping_status":"closed","template":"sidebar-page.php","meta":{"footnotes":""},"_links":{"self":[{"href":"https:\/\/gi4dm.net\/2015\/wp-json\/wp\/v2\/pages\/14"}],"collection":[{"href":"https:\/\/gi4dm.net\/2015\/wp-json\/wp\/v2\/pages"}],"about":[{"href":"https:\/\/gi4dm.net\/2015\/wp-json\/wp\/v2\/types\/page"}],"author":[{"embeddable":true,"href":"https:\/\/gi4dm.net\/2015\/wp-json\/wp\/v2\/users\/3"}],"replies":[{"embeddable":true,"href":"https:\/\/gi4dm.net\/2015\/wp-json\/wp\/v2\/comments?post=14"}],"version-history":[{"count":259,"href":"https:\/\/gi4dm.net\/2015\/wp-json\/wp\/v2\/pages\/14\/revisions"}],"predecessor-version":[{"id":1093,"href":"https:\/\/gi4dm.net\/2015\/wp-json\/wp\/v2\/pages\/14\/revisions\/1093"}],"wp:attachment":[{"href":"https:\/\/gi4dm.net\/2015\/wp-json\/wp\/v2\/media?parent=14"}],"curies":[{"name":"wp","href":"https:\/\/api.w.org\/{rel}","templated":true}]}}