{"id":25,"date":"2012-04-22T07:38:14","date_gmt":"2012-04-22T05:38:14","guid":{"rendered":"https:\/\/gi4dm.net\/2015a\/?page_id=25"},"modified":"2015-07-16T11:38:40","modified_gmt":"2015-07-16T09:38:40","slug":"committees","status":"publish","type":"page","link":"https:\/\/gi4dm.net\/2015\/committees\/","title":{"rendered":"Committees"},"content":{"rendered":"<p><strong>Chairs:<\/strong><br \/>\nGeorge Sithole, University of Cape Town, South Africa<br \/>\nSisi Zlatanova, Delft University of Technology, The Netherlands<br \/>\nMasafumi Nakagawa, Shibaura Institute of Technology, Japan<br \/>\nQing Zhu, Wuhan University, China<\/p>\n<p><strong>Advisory Scientific Committee<\/strong>:<br \/>\nOrhan Altan, ISPRS, Chair JB GIS ad hoc Committee RDM<br \/>\nDieter Fritsch, EuroSDR<br \/>\nYerach Doytsher, FIG<br \/>\nDavid Mitchell, FIG<br \/>\nAbbas Rajabifard, GSDI<br \/>\nTony Milne, IEEE GRSS<br \/>\nJohn Labrecque, IAG<br \/>\nChris Rizos, IAG<br \/>\nMilan Konecny, ICA<br \/>\nZentai Laszlo, ICA<br \/>\nSteve Shipman, IHO<br \/>\nYoshikazu Fukushima, ISCGM<br \/>\nPiero Boccardo, ITHACA<br \/>\nAlik Ismail-Zadeh, IUGG<br \/>\nRamesh Singh, IUGG<br \/>\nRobert Backhaus, UNOOSA<\/p>\n<p><strong>Scientific Committee<\/strong>:<br \/>\nSerpil Altes, Technical University Istanbul, Turkey<br \/>\nTemenujka Bandrova, University of Architecture, Civil Engineering and Geodesy, Bulgaria<br \/>\nRolan Billen, University of Liege, Belgium<br \/>\nEliseo Clementini, University of L&#8217;Aquila, Italy<br \/>\nElif Demir, Technical University Istanbul, Turkey<br \/>\nEduardo Dias, Free University Amsterdam, Netherlands<br \/>\nJeanine Engelbrecht, CSIR, South Africa<br \/>\nGilles Falquet, University of Geneva, Switzerland<br \/>\nTom\u00e1s Fern\u00e1ndez, University of Ja\u00e9n, Spain<br \/>\nTom de Groeve, JRC, Italy<br \/>\nFabio Giulio Tonolo, ITHACA, Italy<br \/>\nUmit Isikdag, Beykend University, Turkey<br \/>\nBo Huang, The Chinese University of Hong Kong, China<br \/>\nNorman Kerle, University of Twente, The Netherlands<br \/>\nPetr Kubicek, Masaryk University, Czech Republic<br \/>\nJiyoung Lee, Seoul National University, Korea<br \/>\nJonathan Li, University of Waterloo, Canada<br \/>\nWillard Mapurisa, University or Cape Town, South Africa<br \/>\nClaudine Metral, University of Gen\u00e8ve, Switzerland<br \/>\nPaida Mhangara, University of Cape Town, South Africa<br \/>\nDarka Mioc, Technical University of Denmark, Denmark<br \/>\nAmin Mobasheri, Heidelberg University, Germany<br \/>\nJoao Porto De Albuquerque, University of Sao Paulo, Brazil<br \/>\nJorge Posada, VICOMTech, Spain<br \/>\nWolfganf Reinhardt, University of the Bundeswehr in Munich, Germany<br \/>\nJohn Trinder, The University of New South Wales, Australia<br \/>\nEdward Verbree, Delft University of Technology, Netherlands<br \/>\nZhiyong Wang, Delft University of Technology, Netherlands<\/p>\n<p><a href=\"https:\/\/gi4dm.net\/2015\/files\/2012\/04\/Gi4DM_logo3.jpg\"><img decoding=\"async\" class=\"alignleft wp-image-66\" src=\"https:\/\/gi4dm.net\/2015\/files\/2012\/04\/Gi4DM_logo3.jpg\" alt=\"Gi4DM_logo3\" width=\"85\" height=\"85\" srcset=\"https:\/\/gi4dm.net\/2015\/files\/2012\/04\/Gi4DM_logo3.jpg 234w, https:\/\/gi4dm.net\/2015\/files\/2012\/04\/Gi4DM_logo3-150x150.jpg 150w\" sizes=\"(max-width: 85px) 100vw, 85px\" \/><\/a><\/p>\n<p>&nbsp;<\/p>\n<p>&nbsp;<\/p>\n","protected":false},"excerpt":{"rendered":"<p>Chairs: George Sithole, University of Cape Town, South Africa Sisi Zlatanova, Delft University of Technology, The Netherlands Masafumi Nakagawa, Shibaura Institute of Technology, Japan Qing Zhu, Wuhan University, China Advisory Scientific Committee: Orhan Altan, ISPRS, Chair JB GIS ad hoc &hellip; <a href=\"https:\/\/gi4dm.net\/2015\/committees\/\">Continue reading <span class=\"meta-nav\">&rarr;<\/span><\/a><\/p>\n","protected":false},"author":3,"featured_media":0,"parent":0,"menu_order":4,"comment_status":"closed","ping_status":"closed","template":"sidebar-page.php","meta":{"footnotes":""},"_links":{"self":[{"href":"https:\/\/gi4dm.net\/2015\/wp-json\/wp\/v2\/pages\/25"}],"collection":[{"href":"https:\/\/gi4dm.net\/2015\/wp-json\/wp\/v2\/pages"}],"about":[{"href":"https:\/\/gi4dm.net\/2015\/wp-json\/wp\/v2\/types\/page"}],"author":[{"embeddable":true,"href":"https:\/\/gi4dm.net\/2015\/wp-json\/wp\/v2\/users\/3"}],"replies":[{"embeddable":true,"href":"https:\/\/gi4dm.net\/2015\/wp-json\/wp\/v2\/comments?post=25"}],"version-history":[{"count":72,"href":"https:\/\/gi4dm.net\/2015\/wp-json\/wp\/v2\/pages\/25\/revisions"}],"predecessor-version":[{"id":1035,"href":"https:\/\/gi4dm.net\/2015\/wp-json\/wp\/v2\/pages\/25\/revisions\/1035"}],"wp:attachment":[{"href":"https:\/\/gi4dm.net\/2015\/wp-json\/wp\/v2\/media?parent=25"}],"curies":[{"name":"wp","href":"https:\/\/api.w.org\/{rel}","templated":true}]}}