{"id":26,"date":"2019-09-20T17:09:10","date_gmt":"2019-09-20T17:09:10","guid":{"rendered":"https:\/\/gi4dm.net\/2020\/?page_id=26"},"modified":"2023-12-23T17:30:31","modified_gmt":"2023-12-23T06:30:31","slug":"committee","status":"publish","type":"page","link":"https:\/\/gi4dm.net\/2020\/sa\/committee\/","title":{"rendered":"Committees"},"content":{"rendered":"<p><strong>Conference Chairs:<\/strong><\/p>\n<table border=\"0\">\n<tbody>\n<tr>\n<td align=\"center\" width=\"30%\"><img decoding=\"async\" src=\"https:\/\/gi4dm.net\/2020\/files\/2020\/03\/Professor-Sisi-Zlatanova.jpg\" height=\"192\"><br>\n<strong>Prof. Sisi Zlatanova<\/strong><br>\nUNSW<\/td>\n<td align=\"center\" width=\"30%\"><img decoding=\"async\" src=\"https:\/\/gi4dm.net\/2020\/files\/2020\/03\/PetraHelmholz.jpeg\" height=\"192\"><br>\n<strong>Dr. Petra Helmholz<\/strong><br>\nCurtin University<\/td>\n<td align=\"center\" width=\"30%\"><img decoding=\"async\" src=\"https:\/\/gi4dm.net\/2020\/files\/2020\/03\/Clive-Fraser.jpg\"><br>\n<strong>Prof. Clive Fraser<\/strong><br>\nUniversity of Melbourne<\/td>\n<\/tr>\n<tr>\n<td align=\"center\" width=\"30%\"><img decoding=\"async\" src=\"https:\/\/gi4dm.net\/2020\/files\/2020\/03\/KEENANU-3-137.jpg\" height=\"192\"><br>\n<strong>Prof. Meg Keen<\/strong><br>\nANU<\/td>\n<td align=\"center\" width=\"30%\"><img decoding=\"async\" src=\"https:\/\/gi4dm.net\/2020\/files\/2020\/03\/MaryEllenFeeney.jpeg\" height=\"192\"><br>\n<strong>Dr. Mary-Ellen Feeney<\/strong><br>\nSSSI NSW<\/td>\n<td align=\"center\" width=\"30%\"><img decoding=\"async\" src=\"https:\/\/gi4dm.net\/2020\/files\/2020\/03\/David_Sanderson.jpg\" height=\"192\"><br>\n<strong>Prof. David Sanderson<\/strong><br>\nUNSW Grand Challenge in Rapid Urbanisation<\/td>\n<\/tr>\n<\/tbody>\n<\/table>\n<p><strong>Conference Co-Chairs:<\/strong><\/p>\n<ul>\n<li>Bruce Forster, UNSW<\/li>\n<li>Chris Bellman, RMIT<\/li>\n<li>Dipak Paudyal, ESRI Australia<\/li>\n<li>Ivana Ivanova, Curtin University<\/li>\n<li>David Belton, Curtin University<\/li>\n<li>Brendon McAtee, FrontierSI<\/li>\n<li>Nancy Glenn, UNSW<\/li>\n<\/ul>\n<p><strong>Scientific Committee<\/strong><\/p>\n<ul>\n<li>Abdoulaye Diakit\u00e9, UNSW<\/li>\n<li>Alexander Rudloff, GFZ-Potsdam<\/li>\n<li>Alias Abdul Rahman, University of Technology, Malaysia<\/li>\n<li>Alper Yilmaz, The Ohio State University<\/li>\n<li>Amy Parker, Curtin University \/ CASS<\/li>\n<li>Ashraf Dewan, Curtin University<\/li>\n<li>Bapon Shm Fakhruddin, Tonkin + Taylor International<\/li>\n<li>Batuhan Osmanoglu, Biospheric Sciences Laboratory<\/li>\n<li>Ben Gorte, UNSW<\/li>\n<li>Bo Huang, The Chinese University of Hong Kong<\/li>\n<li>Brendon McAtee, FrontierSI<\/li>\n<li>Brian Lee, UNSW<\/li>\n<li>Bruce Forster, SSSI \/ Asia-Pacific Remote Sensing Pty Ltd<\/li>\n<li>Charity Mundava, WaterNSW<\/li>\n<li>Charles Toth, The Ohio State University<\/li>\n<li>Chris Bellman, RMIT<\/li>\n<li>Chris Pettit, UNSW<\/li>\n<li>Clive Fraser, University of Melbourne<\/li>\n<li>Craig Glennie, University of Houston<\/li>\n<li>David Belton, Curtin University<\/li>\n<li>Dev Raj Paudyal, University of Southern Queensland<\/li>\n<li>Dimitri Bulatov, Fraunhofer Institute<\/li>\n<li>Dipak Paudyal, ESRI<\/li>\n<li>Dorota Iwaszczuk, TU Darmstadt<\/li>\n<li>Edward Verbree, Delft University of Technology<\/li>\n<li>Eliseo Clementini, University of L&#8217;Aquila<\/li>\n<li>Fabio Giulio Tonolo, Politecnico di Torino<\/li>\n<li>Fazlay Faruque, University of Mississippi Medical Centre<\/li>\n<li>Filip Biljecki, National University of Singapore<\/li>\n<li>Francesco Nex, University of Twente<\/li>\n<li>Franz Rottensteiner, Leibniz Uni Hannover<\/li>\n<li>George Sithole, GeoVariant<\/li>\n<li>Graciela Metternicht, UNSW<\/li>\n<li>Haigang Sui, Wuhan University<\/li>\n<li>Hans-Gerd Maas, TU Dresden<\/li>\n<li>Hao Wu, National Geomatics Center of China<\/li>\n<li>Huayi Wu, Wuhan University<\/li>\n<li>Ivana Ivanova, Curtin University<\/li>\n<li>Iyyanki Murali Krishna, DRDO<\/li>\n<li>Jack Barton, UNSW<\/li>\n<li>Jagannath Aryal, University of Melbourne<\/li>\n<li>Jie Jiang, Beijing University of Civil Engineering and Architecture<\/li>\n<li>Joep Compvoets, University of Leuven<\/li>\n<li>Jonathan Li, University of Waterloo<\/li>\n<li>Kourosh Khoshelham, University of Melbourne<\/li>\n<li>Krzysztof Baku\u0142a, Warsaw University of Technology<\/li>\n<li>Lars Bodum, Aalborg University<\/li>\n<li>Lena Halounova, Czech Technical University<\/li>\n<li>Madhu Chandra, Chemnitz University of Technology<\/li>\n<li>Maria Antonia Brovelli, Politecnico di Milan<\/li>\n<li>Martin Breunig, Karlsruhe Institute of Technology<\/li>\n<li>Martin Tomko, University of Melbourne<\/li>\n<li>Mila Koeva, University of Twente<\/li>\n<li>Mingshu Wang, University of Twente<\/li>\n<li>Mitko Aleksandrov, UNSW<\/li>\n<li>Mulhim Al Doori, University of Fujairah<\/li>\n<li>Nancy Glenn, UNSW<\/li>\n<li>Negin Nazarian, UNSW<\/li>\n<li>Norbert Pfeifer, TU Wien<\/li>\n<li>Norman Kerle, University of Twente<\/li>\n<li>Orhan Altan, Technical University Istanbul<\/li>\n<li>Ori Gudes, UNSW<\/li>\n<li>Pawel Boguslawski, Wroclaw University of Science and Technology<\/li>\n<li>Peter van Oosterom, Delft University of Technology<\/li>\n<li>Petr Kub\u00ed\u010dek, Masaryk University<\/li>\n<li>Petros Patias, The Aristotle University<\/li>\n<li>Piero Boccardo, Polytechnic University of Torino<\/li>\n<li>Qiaoli Wu, Beijing University of Civil Engineering and Architecture<\/li>\n<li>Qing Zhu, Southwest Jiaotong University<\/li>\n<li>Riza Yosia Sunindijo, UNSW<\/li>\n<li>Roland Billen, University of Liege<\/li>\n<li>Rudi Stouffs, National University of Singapore<\/li>\n<li>Scott Hawken, UNSW<\/li>\n<li>Serene Coetzee, University of Pretoria<\/li>\n<li>Shawn Laffan, UNSW<\/li>\n<li>Shisong Cao, Beijing University of Civil Engineering and Architecture<\/li>\n<li>Songnian Li, Ryerson University<\/li>\n<li>Stephan Winter, University of Melbourne<\/li>\n<li>Tarun Ghawana, Swinburne University of Technology<\/li>\n<li>\u00dcmit I\u015f\u0131kda\u011f, Mimar Sinan Fine Arts University<\/li>\n<li>Wei Li, UNSW<\/li>\n<li>Wolfgang Reinhardt, UniBw Muenchen<\/li>\n<li>Yanan Liu, Beijing University of Civil Engineering and Architecture<\/li>\n<li>Xianlian Liang, Finnish Geospatial Research Institute<\/li>\n<\/ul>\n<p><strong>Local organising committee:<\/strong><\/p>\n<ul>\n<li>Jack Barton, UNSW<\/li>\n<li>Mitko Aleksandrov, UNSW<\/li>\n<\/ul>\n\n\n<figure class=\"wp-block-image size-large is-resized\"><img decoding=\"async\" src=\"https:\/\/gi4dm.net\/2020\/files\/2023\/12\/all_logos.png\" alt=\"\" class=\"wp-image-1192\" width=\"370\" height=\"66\" srcset=\"https:\/\/gi4dm.net\/2020\/files\/2023\/12\/all_logos.png 631w, https:\/\/gi4dm.net\/2020\/files\/2023\/12\/all_logos-300x54.png 300w\" sizes=\"(max-width: 370px) 100vw, 370px\" \/><\/figure>\n","protected":false},"excerpt":{"rendered":"<p>Conference Chairs: Prof. Sisi Zlatanova UNSW Dr. Petra Helmholz Curtin University Prof. Clive Fraser University of Melbourne Prof. Meg Keen ANU Dr. Mary-Ellen Feeney SSSI NSW Prof. David Sanderson UNSW Grand Challenge in Rapid Urbanisation Conference Co-Chairs: Bruce Forster, UNSW &hellip; <a href=\"https:\/\/gi4dm.net\/2020\/sa\/committee\/\">Continue reading <span class=\"meta-nav\">&rarr;<\/span><\/a><\/p>\n","protected":false},"author":9,"featured_media":0,"parent":18,"menu_order":0,"comment_status":"closed","ping_status":"closed","template":"","meta":{"footnotes":""},"_links":{"self":[{"href":"https:\/\/gi4dm.net\/2020\/wp-json\/wp\/v2\/pages\/26"}],"collection":[{"href":"https:\/\/gi4dm.net\/2020\/wp-json\/wp\/v2\/pages"}],"about":[{"href":"https:\/\/gi4dm.net\/2020\/wp-json\/wp\/v2\/types\/page"}],"author":[{"embeddable":true,"href":"https:\/\/gi4dm.net\/2020\/wp-json\/wp\/v2\/users\/9"}],"replies":[{"embeddable":true,"href":"https:\/\/gi4dm.net\/2020\/wp-json\/wp\/v2\/comments?post=26"}],"version-history":[{"count":5,"href":"https:\/\/gi4dm.net\/2020\/wp-json\/wp\/v2\/pages\/26\/revisions"}],"predecessor-version":[{"id":1201,"href":"https:\/\/gi4dm.net\/2020\/wp-json\/wp\/v2\/pages\/26\/revisions\/1201"}],"up":[{"embeddable":true,"href":"https:\/\/gi4dm.net\/2020\/wp-json\/wp\/v2\/pages\/18"}],"wp:attachment":[{"href":"https:\/\/gi4dm.net\/2020\/wp-json\/wp\/v2\/media?parent=26"}],"curies":[{"name":"wp","href":"https:\/\/api.w.org\/{rel}","templated":true}]}}